{"id":934,"date":"2020-01-02T15:25:32","date_gmt":"2020-01-02T13:25:32","guid":{"rendered":"http:\/\/ruotsiottelu.www-6.cloudcenter.fi\/?page_id=934"},"modified":"2026-05-05T15:30:40","modified_gmt":"2026-05-05T12:30:40","slug":"biljettforsaljning","status":"publish","type":"page","link":"https:\/\/ruotsiottelu.fi\/sv\/biljettforsaljning\/","title":{"rendered":"Biljettf\u00f6rs\u00e4ljning"},"content":{"rendered":"\n\t<section class=\"section motocontainer\" id=\"section_1701595179\">\n\t\t<div class=\"section-bg fill\" >\n\t\t\t\t\t\t\t\t\t\n\t\t\t\n\n\t\t<\/div>\n\n\t\t\n\n\t\t<div class=\"section-content relative\">\n\t\t\t\n<div class=\"row row-collapse row-full-width\"  id=\"row-300980807\">\n\n\t<div id=\"col-1278111447\" class=\"col small-12 large-12\"  >\n\t\t\t\t<div class=\"col-inner\"  >\n\t\t\t\n\t\t\t\n\n  <div class=\"banner has-hover motohead\" id=\"banner-520194112\">\n          <div class=\"banner-inner fill\">\n        <div class=\"banner-bg fill\" >\n            <img decoding=\"async\" width=\"2048\" height=\"600\" src=\"https:\/\/ruotsiottelu.fi\/wp-content\/uploads\/2026\/05\/Ruotsi-ottelu_ruotsiottelufi_hero_2048x600.jpg\" class=\"bg attachment-original size-original\" alt=\"\" \/>                                    \n                    <\/div>\n\t\t\n        <div class=\"banner-layers container\">\n            <a class=\"fill\" href=\"https:\/\/www.lippu.fi\/sv\/artist\/ruotsi-ottelu\/\" target=\"_blank\" rel=\"noopener\"><div class=\"fill banner-link\"><\/div><\/a>            \n   <div id=\"text-box-1796325285\" class=\"text-box banner-layer x50 md-x50 lg-x50 y50 md-y50 lg-y50 res-text\">\n                                <div class=\"text-box-content text dark\">\n              \n              <div class=\"text-inner text-center\">\n                  \n              <\/div>\n           <\/div>\n                            \n<style>\n#text-box-1796325285 {\n  width: 60%;\n}\n#text-box-1796325285 .text-box-content {\n  font-size: 100%;\n}\n@media (min-width:550px) {\n  #text-box-1796325285 {\n    width: 60%;\n  }\n}\n<\/style>\n    <\/div>\n \n        <\/div>\n      <\/div>\n\n            \n<style>\n#banner-520194112 {\n  padding-top: 400px;\n}\n#banner-520194112 .banner-bg img {\n  object-position: 46% 60%;\n}\n<\/style>\n  <\/div>\n\n\n<a href=\"https:\/\/www.lippu.fi\/sv\/artist\/ruotsi-ottelu\/\" target=\"_blank\" class=\"button primary is-larger expand\" rel=\"noopener\" >\n\t\t<span>K\u00d6P BILJETTER H\u00c4R<\/span>\n\t<i class=\"icon-shopping-cart\" aria-hidden=\"true\"><\/i><\/a>\n\n\t\t<\/div>\n\t\t\t\t\n<style>\n#col-1278111447 > .col-inner {\n  padding: 0px 0px 0px 0px;\n}\n<\/style>\n\t<\/div>\n\n\t\n<\/div>\n\t\t<\/div>\n\n\t\t\n<style>\n#section_1701595179 {\n  padding-top: 0px;\n  padding-bottom: 0px;\n}\n<\/style>\n\t<\/section>\n\t\n\n\t<section class=\"section\" id=\"section_383325672\">\n\t\t<div class=\"section-bg fill\" >\n\t\t\t\t\t\t\t\t\t\n\t\t\t\n\n\t\t<\/div>\n\n\t\t\n\n\t\t<div class=\"section-content relative\">\n\t\t\t\n<div class=\"row\"  id=\"row-1885049803\">\n\n\t<div id=\"col-501358175\" class=\"col small-12 large-12\"  >\n\t\t\t\t<div class=\"col-inner\"  >\n\t\t\t\n\t\t\t\n<h1><strong>Biljettpriset och -f\u00f6rs\u00e4ljning<\/strong><\/h1>\n<h2>Upplev landskampsmagin p\u00e5 Helsingfors Olympiastadion!<\/h2>\n<h2><strong><a href=\"https:\/\/www.lippu.fi\/sv\/artist\/ruotsi-ottelu\/\" target=\"_blank\" rel=\"noopener\">Skaffa dina biljetter h\u00e4r<\/a><\/strong><\/h2>\n<h3 data-start=\"431\" data-end=\"453\">Program<\/h3>\n<ul data-start=\"454\" data-end=\"661\">\n<li data-start=\"454\" data-end=\"524\">\n<p data-start=\"456\" data-end=\"524\"><strong data-start=\"456\" data-end=\"488\">L\u00f6rdag 29.8.2026 kl. 18.00<\/strong> \u2013 Vi sparkar ig\u00e5ng Finnkampen i den m\u00f6rknande sensommarkv\u00e4llen<\/p>\n<\/li>\n<li data-start=\"525\" data-end=\"586\">\n<p data-start=\"527\" data-end=\"586\"><strong data-start=\"527\" data-end=\"560\">S\u00f6ndag 30.8.2026 kl. 13.00<\/strong> \u2013\u00a0 Eftermiddagen d\u00e5 alla prestationer \u00e4r avg\u00f6rande och en upplevelse f\u00f6r hela familjen<\/p>\n<\/li>\n<li data-start=\"587\" data-end=\"661\">\n<p data-start=\"589\" data-end=\"661\"><strong data-start=\"589\" data-end=\"610\">Ungdomslandskampen <\/strong>avg\u00f6rs p\u00e5 l\u00f6rdag dagtid p\u00e5 Olympiastadion. Det \u00e4r fri <span class=\"Y2IQFc\" lang=\"sv\">entr\u00e9 <\/span>till ungdomslandskampen.<\/p>\n<\/li>\n<\/ul>\n<p data-start=\"663\" data-end=\"727\">Tv\u00e5 dagar fyllda med toppfriidrott, fest och landskampsst\u00e4mning!<\/p>\n<h3 data-start=\"734\" data-end=\"752\">Biljettf\u00f6rs\u00e4ljning<\/h3>\n<p data-start=\"754\" data-end=\"844\">Biljetterna s\u00e4ljs p\u00e5 lippu.fi och till salu finns:<\/p>\n<ul data-start=\"1113\" data-end=\"1169\">\n<li data-start=\"1113\" data-end=\"1140\">\n<p data-start=\"1115\" data-end=\"1140\"><strong data-start=\"1118\" data-end=\"1140\">Endagsbiljetter<\/strong><\/p>\n<\/li>\n<li data-start=\"1141\" data-end=\"1169\">\n<p data-start=\"1143\" data-end=\"1169\"><strong data-start=\"1146\" data-end=\"1169\">Tv\u00e5dagsbiljetter<\/strong><\/p>\n<\/li>\n<\/ul>\n<p data-start=\"846\" data-end=\"929\">K\u00f6p biljetter och s\u00e4kra din plats p\u00e5 \u00e5rets mest sp\u00e4nnande sportevenemang!<\/p>\n<h3>\u00c5sk\u00e5darbekv\u00e4mlighet<\/h3>\n<p data-start=\"954\" data-end=\"1088\">P\u00e5 Olympiastadion \u00e4r alla l\u00e4ktarplatser under tak, s\u00e5 att du kan koncentrera dig helt p\u00e5 t\u00e4vlingsatmosf\u00e4ren.<\/p>\n<h3 data-start=\"1171\" data-end=\"1189\">Priser<\/h3>\n<ul data-start=\"1190\" data-end=\"1253\">\n<li data-start=\"1190\" data-end=\"1220\">\n<p data-start=\"1192\" data-end=\"1220\"><strong data-start=\"1192\" data-end=\"1218\">Biljetter fr\u00e5n 19 \u20ac<\/strong><\/p>\n<\/li>\n<li data-start=\"1221\" data-end=\"1253\">\n<p data-start=\"1223\" data-end=\"1253\"><strong data-start=\"1223\" data-end=\"1253\">Biljetter f\u00f6r personer som tillh\u00f6r rabattgrupper fr\u00e5n 9,50 \u20ac<\/strong><\/p>\n<\/li>\n<\/ul>\n<p data-start=\"1255\" data-end=\"1279\">Rabattgrupper:<\/p>\n<ul data-start=\"1280\" data-end=\"1352\">\n<li data-start=\"1280\" data-end=\"1304\">\n<p data-start=\"1282\" data-end=\"1304\">7\u201316-\u00e5ringar<\/p>\n<\/li>\n<li data-start=\"1305\" data-end=\"1320\">\n<p data-start=\"1307\" data-end=\"1320\">Studerande<\/p>\n<\/li>\n<li data-start=\"1321\" data-end=\"1336\">\n<p data-start=\"1323\" data-end=\"1336\">Bev\u00e4ringar<\/p>\n<\/li>\n<li data-start=\"1337\" data-end=\"1352\">\n<p data-start=\"1339\" data-end=\"1352\">Pension\u00e4rer<\/p>\n<\/li>\n<\/ul>\n<h3 data-start=\"1359\" data-end=\"1432\">Specialpris p\u00e5 familjebiljetter till familjel\u00e4ktaren<\/h3>\n<p data-start=\"1434\" data-end=\"1502\">Familjebiljetter till F-l\u00e4ktaren finns b\u00e5de f\u00f6r l\u00f6rdag och s\u00f6ndag.<\/p>\n<p data-start=\"1529\" data-end=\"1628\"><strong data-start=\"1529\" data-end=\"1542\">L\u00f6rdag:<\/strong><br data-start=\"1542\" data-end=\"1545\" \/>F\u00f6r varje vuxenbiljett till ordinarie pris kan du k\u00f6pa <strong>max. 3 barnbiljetter f\u00f6r 5 \u20ac\/st.<\/strong><\/p>\n<p data-start=\"1630\" data-end=\"1733\"><strong data-start=\"1630\" data-end=\"1644\">S\u00f6ndag:<\/strong><br data-start=\"1644\" data-end=\"1647\" \/>F\u00f6r varje vuxenbiljett till ordinarie pris kan du k\u00f6pa <strong>max. 3 barnbiljetter f\u00f6r 2,50 \u20ac\/st.<\/strong><\/p>\n<p data-start=\"1735\" data-end=\"1878\">S\u00f6ndagseftermiddagen \u00e4r den perfekta stunden att ta med hela familjen till stadion \u2013 fantastiska stunder, upplevelser och f\u00f6rebilder f\u00f6r barn och vuxen!<\/p>\n<h3 data-start=\"1885\" data-end=\"1902\">Tillg\u00e4nglighet<\/h3>\n<p data-start=\"1904\" data-end=\"2040\"><span class=\"jCAhz ChMk0b\"><span class=\"ryNqvb\">Rullstolsplatser finns p\u00e5 den tillg\u00e4ngliga D-l\u00e4ktaren.<\/span><\/span> <span class=\"jCAhz ChMk0b\"><span class=\"ryNqvb\">Olympiastadion erbjuder en smidig milj\u00f6 f\u00f6r alla \u00e5sk\u00e5dare.<\/span><\/span><\/p>\n<p data-start=\"1904\" data-end=\"2040\">\u00a0<\/p>\n<p data-start=\"2088\" data-end=\"2171\">Finnkampen \u00e4r mer \u00e4n en t\u00e4vling \u2013 det \u00e4r en tradition, en k\u00e4nsla och en gemensam upplevelse.<\/p>\n<p data-start=\"2267\" data-end=\"2315\" data-is-last-node=\"\" data-is-only-node=\"\"><strong data-start=\"2267\" data-end=\"2312\">Vi ses p\u00e5 Helsingfors Olympiastadionilla 29\u201330.8.2026!<\/strong> \ud83d\udc99<\/p>\n<p data-start=\"2267\" data-end=\"2315\" data-is-last-node=\"\" data-is-only-node=\"\">\u00a0<\/p>\n<p data-start=\"2267\" data-end=\"2315\" data-is-last-node=\"\" data-is-only-node=\"\"><a href=\"https:\/\/ruotsiottelu.fi\/sv\/biljettforsaljning\/ruotsi-ottelu-suorituspaikkakartta-2\/#main#main\" rel=\"attachment wp-att-3358\"><img decoding=\"async\" class=\"alignnone size-full wp-image-3358\" src=\"https:\/\/ruotsiottelu.fi\/wp-content\/uploads\/2026\/02\/Ruotsi-ottelu-suorituspaikkakartta.png\" alt=\"\" width=\"1280\" height=\"893\" srcset=\"https:\/\/ruotsiottelu.fi\/wp-content\/uploads\/2026\/02\/Ruotsi-ottelu-suorituspaikkakartta.png 1280w, https:\/\/ruotsiottelu.fi\/wp-content\/uploads\/2026\/02\/Ruotsi-ottelu-suorituspaikkakartta-300x209.png 300w, https:\/\/ruotsiottelu.fi\/wp-content\/uploads\/2026\/02\/Ruotsi-ottelu-suorituspaikkakartta-1024x714.png 1024w, https:\/\/ruotsiottelu.fi\/wp-content\/uploads\/2026\/02\/Ruotsi-ottelu-suorituspaikkakartta-768x536.png 768w\" sizes=\"(max-width: 1280px) 100vw, 1280px\" \/><\/a><\/p>\n<p data-start=\"2267\" data-end=\"2315\" data-is-last-node=\"\" data-is-only-node=\"\">\u00a0<\/p>\n<p>\u00a0<\/p>\n<div>\u00a0<\/div>\n<div class=\"accordion\">\n<\/div>\n\t\t<\/div>\n\t\t\t\t\t<\/div>\n\n\t\n<\/div>\n<a class=\"button primary is-larger expand\" >\n\t\t<span><\/span>\n\t<\/a>\n\n<a href=\"https:\/\/www.lippu.fi\/sv\/artist\/ruotsi-ottelu\/\" target=\"_blank\" class=\"button primary is-larger expand\" rel=\"noopener\" >\n\t\t<span>K\u00d6P BILJETTER H\u00c4R<\/span>\n\t<i class=\"icon-shopping-cart\" aria-hidden=\"true\"><\/i><\/a>\n\n\t\t<\/div>\n\n\t\t\n<style>\n#section_383325672 {\n  padding-top: 30px;\n  padding-bottom: 30px;\n}\n<\/style>\n\t<\/section>\n\t\n","protected":false},"excerpt":{"rendered":"","protected":false},"author":1,"featured_media":0,"parent":0,"menu_order":10,"comment_status":"closed","ping_status":"closed","template":"page-blank.php","meta":{"footnotes":""},"class_list":["post-934","page","type-page","status-publish","hentry"],"yoast_head":"<!-- This site is optimized with the Yoast SEO plugin v27.5 - https:\/\/yoast.com\/product\/yoast-seo-wordpress\/ -->\n<title>Biljettf\u00f6rs\u00e4ljning | Suomi-Ruotsi-maaottelu<\/title>\n<meta name=\"robots\" content=\"index, follow, max-snippet:-1, max-image-preview:large, max-video-preview:-1\" \/>\n<link rel=\"canonical\" href=\"https:\/\/ruotsiottelu.fi\/sv\/biljettforsaljning\/\" \/>\n<meta property=\"og:locale\" content=\"sv_SE\" \/>\n<meta property=\"og:type\" content=\"article\" \/>\n<meta property=\"og:title\" content=\"Biljettf\u00f6rs\u00e4ljning | Suomi-Ruotsi-maaottelu\" \/>\n<meta property=\"og:url\" content=\"https:\/\/ruotsiottelu.fi\/sv\/biljettforsaljning\/\" \/>\n<meta property=\"og:site_name\" content=\"Suomi-Ruotsi-maaottelu\" \/>\n<meta property=\"article:modified_time\" content=\"2026-05-05T12:30:40+00:00\" \/>\n<meta property=\"og:image\" content=\"https:\/\/ruotsiottelu.fi\/wp-content\/uploads\/2026\/02\/Ruotsi-ottelu-suorituspaikkakartta.png\" \/>\n<meta name=\"twitter:card\" content=\"summary_large_image\" \/>\n<meta name=\"twitter:label1\" content=\"Ber\u00e4knad l\u00e4stid\" \/>\n\t<meta name=\"twitter:data1\" content=\"2 minuter\" \/>\n<script type=\"application\/ld+json\" class=\"yoast-schema-graph\">{\"@context\":\"https:\\\/\\\/schema.org\",\"@graph\":[{\"@type\":\"WebPage\",\"@id\":\"https:\\\/\\\/ruotsiottelu.fi\\\/sv\\\/biljettforsaljning\\\/\",\"url\":\"https:\\\/\\\/ruotsiottelu.fi\\\/sv\\\/biljettforsaljning\\\/\",\"name\":\"Biljettf\u00f6rs\u00e4ljning | Suomi-Ruotsi-maaottelu\",\"isPartOf\":{\"@id\":\"https:\\\/\\\/ruotsiottelu.fi\\\/sv\\\/#website\"},\"primaryImageOfPage\":{\"@id\":\"https:\\\/\\\/ruotsiottelu.fi\\\/sv\\\/biljettforsaljning\\\/#primaryimage\"},\"image\":{\"@id\":\"https:\\\/\\\/ruotsiottelu.fi\\\/sv\\\/biljettforsaljning\\\/#primaryimage\"},\"thumbnailUrl\":\"https:\\\/\\\/ruotsiottelu.fi\\\/wp-content\\\/uploads\\\/2026\\\/02\\\/Ruotsi-ottelu-suorituspaikkakartta.png\",\"datePublished\":\"2020-01-02T13:25:32+00:00\",\"dateModified\":\"2026-05-05T12:30:40+00:00\",\"breadcrumb\":{\"@id\":\"https:\\\/\\\/ruotsiottelu.fi\\\/sv\\\/biljettforsaljning\\\/#breadcrumb\"},\"inLanguage\":\"sv-SE\",\"potentialAction\":[{\"@type\":\"ReadAction\",\"target\":[\"https:\\\/\\\/ruotsiottelu.fi\\\/sv\\\/biljettforsaljning\\\/\"]}]},{\"@type\":\"ImageObject\",\"inLanguage\":\"sv-SE\",\"@id\":\"https:\\\/\\\/ruotsiottelu.fi\\\/sv\\\/biljettforsaljning\\\/#primaryimage\",\"url\":\"https:\\\/\\\/ruotsiottelu.fi\\\/wp-content\\\/uploads\\\/2026\\\/02\\\/Ruotsi-ottelu-suorituspaikkakartta.png\",\"contentUrl\":\"https:\\\/\\\/ruotsiottelu.fi\\\/wp-content\\\/uploads\\\/2026\\\/02\\\/Ruotsi-ottelu-suorituspaikkakartta.png\"},{\"@type\":\"BreadcrumbList\",\"@id\":\"https:\\\/\\\/ruotsiottelu.fi\\\/sv\\\/biljettforsaljning\\\/#breadcrumb\",\"itemListElement\":[{\"@type\":\"ListItem\",\"position\":1,\"name\":\"Home\",\"item\":\"https:\\\/\\\/ruotsiottelu.fi\\\/sv\\\/\"},{\"@type\":\"ListItem\",\"position\":2,\"name\":\"Biljettf\u00f6rs\u00e4ljning\"}]},{\"@type\":\"WebSite\",\"@id\":\"https:\\\/\\\/ruotsiottelu.fi\\\/sv\\\/#website\",\"url\":\"https:\\\/\\\/ruotsiottelu.fi\\\/sv\\\/\",\"name\":\"Suomi-Ruotsi-maaottelu\",\"description\":\"Suomi-Ruotsi-maaottelu\",\"potentialAction\":[{\"@type\":\"SearchAction\",\"target\":{\"@type\":\"EntryPoint\",\"urlTemplate\":\"https:\\\/\\\/ruotsiottelu.fi\\\/sv\\\/?s={search_term_string}\"},\"query-input\":{\"@type\":\"PropertyValueSpecification\",\"valueRequired\":true,\"valueName\":\"search_term_string\"}}],\"inLanguage\":\"sv-SE\"}]}<\/script>\n<!-- \/ Yoast SEO plugin. -->","yoast_head_json":{"title":"Biljettf\u00f6rs\u00e4ljning | Suomi-Ruotsi-maaottelu","robots":{"index":"index","follow":"follow","max-snippet":"max-snippet:-1","max-image-preview":"max-image-preview:large","max-video-preview":"max-video-preview:-1"},"canonical":"https:\/\/ruotsiottelu.fi\/sv\/biljettforsaljning\/","og_locale":"sv_SE","og_type":"article","og_title":"Biljettf\u00f6rs\u00e4ljning | Suomi-Ruotsi-maaottelu","og_url":"https:\/\/ruotsiottelu.fi\/sv\/biljettforsaljning\/","og_site_name":"Suomi-Ruotsi-maaottelu","article_modified_time":"2026-05-05T12:30:40+00:00","og_image":[{"url":"https:\/\/ruotsiottelu.fi\/wp-content\/uploads\/2026\/02\/Ruotsi-ottelu-suorituspaikkakartta.png","type":"","width":"","height":""}],"twitter_card":"summary_large_image","twitter_misc":{"Ber\u00e4knad l\u00e4stid":"2 minuter"},"schema":{"@context":"https:\/\/schema.org","@graph":[{"@type":"WebPage","@id":"https:\/\/ruotsiottelu.fi\/sv\/biljettforsaljning\/","url":"https:\/\/ruotsiottelu.fi\/sv\/biljettforsaljning\/","name":"Biljettf\u00f6rs\u00e4ljning | Suomi-Ruotsi-maaottelu","isPartOf":{"@id":"https:\/\/ruotsiottelu.fi\/sv\/#website"},"primaryImageOfPage":{"@id":"https:\/\/ruotsiottelu.fi\/sv\/biljettforsaljning\/#primaryimage"},"image":{"@id":"https:\/\/ruotsiottelu.fi\/sv\/biljettforsaljning\/#primaryimage"},"thumbnailUrl":"https:\/\/ruotsiottelu.fi\/wp-content\/uploads\/2026\/02\/Ruotsi-ottelu-suorituspaikkakartta.png","datePublished":"2020-01-02T13:25:32+00:00","dateModified":"2026-05-05T12:30:40+00:00","breadcrumb":{"@id":"https:\/\/ruotsiottelu.fi\/sv\/biljettforsaljning\/#breadcrumb"},"inLanguage":"sv-SE","potentialAction":[{"@type":"ReadAction","target":["https:\/\/ruotsiottelu.fi\/sv\/biljettforsaljning\/"]}]},{"@type":"ImageObject","inLanguage":"sv-SE","@id":"https:\/\/ruotsiottelu.fi\/sv\/biljettforsaljning\/#primaryimage","url":"https:\/\/ruotsiottelu.fi\/wp-content\/uploads\/2026\/02\/Ruotsi-ottelu-suorituspaikkakartta.png","contentUrl":"https:\/\/ruotsiottelu.fi\/wp-content\/uploads\/2026\/02\/Ruotsi-ottelu-suorituspaikkakartta.png"},{"@type":"BreadcrumbList","@id":"https:\/\/ruotsiottelu.fi\/sv\/biljettforsaljning\/#breadcrumb","itemListElement":[{"@type":"ListItem","position":1,"name":"Home","item":"https:\/\/ruotsiottelu.fi\/sv\/"},{"@type":"ListItem","position":2,"name":"Biljettf\u00f6rs\u00e4ljning"}]},{"@type":"WebSite","@id":"https:\/\/ruotsiottelu.fi\/sv\/#website","url":"https:\/\/ruotsiottelu.fi\/sv\/","name":"Suomi-Ruotsi-maaottelu","description":"Suomi-Ruotsi-maaottelu","potentialAction":[{"@type":"SearchAction","target":{"@type":"EntryPoint","urlTemplate":"https:\/\/ruotsiottelu.fi\/sv\/?s={search_term_string}"},"query-input":{"@type":"PropertyValueSpecification","valueRequired":true,"valueName":"search_term_string"}}],"inLanguage":"sv-SE"}]}},"_links":{"self":[{"href":"https:\/\/ruotsiottelu.fi\/sv\/wp-json\/wp\/v2\/pages\/934","targetHints":{"allow":["GET"]}}],"collection":[{"href":"https:\/\/ruotsiottelu.fi\/sv\/wp-json\/wp\/v2\/pages"}],"about":[{"href":"https:\/\/ruotsiottelu.fi\/sv\/wp-json\/wp\/v2\/types\/page"}],"author":[{"embeddable":true,"href":"https:\/\/ruotsiottelu.fi\/sv\/wp-json\/wp\/v2\/users\/1"}],"replies":[{"embeddable":true,"href":"https:\/\/ruotsiottelu.fi\/sv\/wp-json\/wp\/v2\/comments?post=934"}],"version-history":[{"count":0,"href":"https:\/\/ruotsiottelu.fi\/sv\/wp-json\/wp\/v2\/pages\/934\/revisions"}],"wp:attachment":[{"href":"https:\/\/ruotsiottelu.fi\/sv\/wp-json\/wp\/v2\/media?parent=934"}],"curies":[{"name":"wp","href":"https:\/\/api.w.org\/{rel}","templated":true}]}}