{"id":2992,"date":"2024-05-21T16:36:11","date_gmt":"2024-05-21T13:36:11","guid":{"rendered":"https:\/\/ruotsiottelu.fi\/?page_id=2992"},"modified":"2026-02-28T22:54:48","modified_gmt":"2026-02-28T20:54:48","slug":"tidtabell","status":"publish","type":"page","link":"https:\/\/ruotsiottelu.fi\/sv\/tidtabell\/","title":{"rendered":"Tidtabell"},"content":{"rendered":"<div class=\"row row-collapse row-full-width\"  id=\"row-2120228434\">\n\n\t<div id=\"col-891323737\" class=\"col small-12 large-12\"  >\n\t\t\t\t<div class=\"col-inner\"  >\n\t\t\t\n\t\t\t\n\n  <div class=\"banner has-hover\" id=\"banner-754571729\">\n          <div class=\"banner-inner fill\">\n        <div class=\"banner-bg fill\" >\n            <img decoding=\"async\" width=\"2048\" height=\"600\" src=\"https:\/\/ruotsiottelu.fi\/wp-content\/uploads\/2024\/07\/SUL_Ruotsiottelu2_ruotsiottelu-fi-2048x600px_oliver01.jpg\" class=\"bg attachment-original size-original\" alt=\"\" \/>                                    \n                    <\/div>\n\t\t\n        <div class=\"banner-layers container\">\n            <div class=\"fill banner-link\"><\/div>            \n   <div id=\"text-box-934364348\" class=\"text-box banner-layer x50 md-x50 lg-x50 y50 md-y50 lg-y50 res-text\">\n                                <div class=\"text-box-content text dark\">\n              \n              <div class=\"text-inner text-center\">\n                  \n              <\/div>\n           <\/div>\n                            \n<style>\n#text-box-934364348 {\n  width: 60%;\n}\n#text-box-934364348 .text-box-content {\n  font-size: 100%;\n}\n@media (min-width:550px) {\n  #text-box-934364348 {\n    width: 60%;\n  }\n}\n<\/style>\n    <\/div>\n \n        <\/div>\n      <\/div>\n\n            \n<style>\n#banner-754571729 {\n  padding-top: 200px;\n}\n@media (min-width:550px) {\n  #banner-754571729 {\n    padding-top: 400px;\n  }\n}\n<\/style>\n  <\/div>\n\n\n\t\t<\/div>\n\t\t\t\t\t<\/div>\n\n\t\n<\/div>\n<div class=\"row\"  id=\"row-1882313226\">\n\n\t<div id=\"col-279666248\" class=\"col small-12 large-12\"  >\n\t\t\t\t<div class=\"col-inner\"  >\n\t\t\t\n\t\t\t\n<h2>\u00a0<\/h2>\n<h2>Tidtabell 2026<\/h2>\n<p data-start=\"255\" data-end=\"281\">Finnkampens starttider \u00e4r<\/p>\n<ul data-start=\"282\" data-end=\"353\">\n<li data-start=\"282\" data-end=\"319\">\n<p data-start=\"284\" data-end=\"319\"><strong data-start=\"284\" data-end=\"319\">L\u00f6rdagkv\u00e4ll 29.8 kl. 18.00<\/strong><\/p>\n<\/li>\n<li data-start=\"320\" data-end=\"353\">\n<p data-start=\"322\" data-end=\"353\"><strong data-start=\"322\" data-end=\"353\">S\u00f6ndag 30.8 kl. 13.00<\/strong><\/p>\n<\/li>\n<\/ul>\n<p data-start=\"355\" data-end=\"437\">Portarna till stadion \u00f6ppnar 45 min f\u00f6re t\u00e4vlingens b\u00f6rjan b\u00e4gge dagarna.<\/p>\n<p data-start=\"355\" data-end=\"437\"><strong>Ungdomslandskampen<\/strong> g\u00e5r p\u00e5 Olympiastadion p\u00e5 l\u00f6rdag 29.8 dagtid.<\/p>\n<h3 data-start=\"856\" data-end=\"873\">Grenprogram<\/h3>\n<p data-start=\"875\" data-end=\"887\"><strong>M\u00e4n<\/strong><\/p>\n<p data-start=\"889\" data-end=\"1006\"><strong data-start=\"889\" data-end=\"902\">L\u00f6rdag:<\/strong><br data-start=\"902\" data-end=\"905\" \/>100 m, 400 m, 800 m, 5000 m, 400 m h\u00e4ck, 4&#215;100 m, h\u00f6jd, tresteg, diskus, kula och trekamp.<\/p>\n<p data-start=\"1008\" data-end=\"1121\"><strong data-start=\"1008\" data-end=\"1022\">S\u00f6ndag:<\/strong><br data-start=\"1022\" data-end=\"1025\" \/>200 m, 1500 m, 10 000 m, 110 m h\u00e4ck, 3000 m hinder, 4&#215;400 m, stav, l\u00e4ngd, sl\u00e4gga ja spjut.<\/p>\n<p data-start=\"1128\" data-end=\"1140\"><strong>Kvinnor<\/strong><\/p>\n<p data-start=\"1142\" data-end=\"1273\"><strong data-start=\"1142\" data-end=\"1155\">L\u00f6rdag:<\/strong><br data-start=\"1155\" data-end=\"1158\" \/>100 m, 400 m, 1500 m, 10 000 m, 400 m h\u00e4ck, 3000 m hinder, 4&#215;100 m, stav, l\u00e4ngd, sl\u00e4gga, spjut och trekamp.<\/p>\n<p data-start=\"1275\" data-end=\"1374\"><strong data-start=\"1275\" data-end=\"1289\">S\u00f6ndag:<\/strong><br data-start=\"1289\" data-end=\"1292\" \/>200 m, 800 m, 5000 m, 100 m h\u00e4ck, 4&#215;400 m, h\u00f6jd, tresteg, diskus och kula.<\/p>\n<p data-start=\"1381\" data-end=\"1399\">\u00a0<\/p>\n<p data-start=\"1381\" data-end=\"1399\"><strong>G\u00e5ngt\u00e4vlingarna<br \/><\/strong>Kvinnornas och m\u00e4nnens g\u00e5ngt\u00e4vlingar avg\u00f6rs p\u00e5 fredagkv\u00e4ll som ett pre-event till Finnkampen.<\/p>\n<p data-start=\"1722\" data-end=\"1799\"><em data-start=\"1801\" data-end=\"1843\" data-is-last-node=\"\">R\u00e4tten till f\u00f6r\u00e4ndringar f\u00f6rbeh\u00e5lls.<\/em><\/p>\n<p>\u00a0<\/p>\n\t\t<\/div>\n\t\t\t\t\t<\/div>\n\n\t\n\n<style>\n#row-1882313226 > .col > .col-inner {\n  padding: 50px 0px 0px 0px;\n}\n<\/style>\n<\/div>\n","protected":false},"excerpt":{"rendered":"","protected":false},"author":2,"featured_media":0,"parent":0,"menu_order":0,"comment_status":"closed","ping_status":"closed","template":"page-blank.php","meta":{"footnotes":""},"class_list":["post-2992","page","type-page","status-publish","hentry"],"yoast_head":"<!-- This site is optimized with the Yoast SEO plugin v27.3 - https:\/\/yoast.com\/product\/yoast-seo-wordpress\/ -->\n<title>Tidtabell | Suomi-Ruotsi-maaottelu<\/title>\n<meta name=\"robots\" content=\"index, follow, max-snippet:-1, max-image-preview:large, max-video-preview:-1\" \/>\n<link rel=\"canonical\" href=\"https:\/\/ruotsiottelu.fi\/sv\/tidtabell\/\" \/>\n<meta property=\"og:locale\" content=\"sv_SE\" \/>\n<meta property=\"og:type\" content=\"article\" \/>\n<meta property=\"og:title\" content=\"Tidtabell | Suomi-Ruotsi-maaottelu\" \/>\n<meta property=\"og:url\" content=\"https:\/\/ruotsiottelu.fi\/sv\/tidtabell\/\" \/>\n<meta property=\"og:site_name\" content=\"Suomi-Ruotsi-maaottelu\" \/>\n<meta property=\"article:modified_time\" content=\"2026-02-28T20:54:48+00:00\" \/>\n<meta name=\"twitter:card\" content=\"summary_large_image\" \/>\n<meta name=\"twitter:label1\" content=\"Ber\u00e4knad l\u00e4stid\" \/>\n\t<meta name=\"twitter:data1\" content=\"3 minuter\" \/>\n<script type=\"application\/ld+json\" class=\"yoast-schema-graph\">{\"@context\":\"https:\\\/\\\/schema.org\",\"@graph\":[{\"@type\":\"WebPage\",\"@id\":\"https:\\\/\\\/ruotsiottelu.fi\\\/sv\\\/tidtabell\\\/\",\"url\":\"https:\\\/\\\/ruotsiottelu.fi\\\/sv\\\/tidtabell\\\/\",\"name\":\"Tidtabell | Suomi-Ruotsi-maaottelu\",\"isPartOf\":{\"@id\":\"https:\\\/\\\/ruotsiottelu.fi\\\/sv\\\/#website\"},\"datePublished\":\"2024-05-21T13:36:11+00:00\",\"dateModified\":\"2026-02-28T20:54:48+00:00\",\"breadcrumb\":{\"@id\":\"https:\\\/\\\/ruotsiottelu.fi\\\/sv\\\/tidtabell\\\/#breadcrumb\"},\"inLanguage\":\"sv-SE\",\"potentialAction\":[{\"@type\":\"ReadAction\",\"target\":[\"https:\\\/\\\/ruotsiottelu.fi\\\/sv\\\/tidtabell\\\/\"]}]},{\"@type\":\"BreadcrumbList\",\"@id\":\"https:\\\/\\\/ruotsiottelu.fi\\\/sv\\\/tidtabell\\\/#breadcrumb\",\"itemListElement\":[{\"@type\":\"ListItem\",\"position\":1,\"name\":\"Home\",\"item\":\"https:\\\/\\\/ruotsiottelu.fi\\\/sv\\\/\"},{\"@type\":\"ListItem\",\"position\":2,\"name\":\"Tidtabell\"}]},{\"@type\":\"WebSite\",\"@id\":\"https:\\\/\\\/ruotsiottelu.fi\\\/sv\\\/#website\",\"url\":\"https:\\\/\\\/ruotsiottelu.fi\\\/sv\\\/\",\"name\":\"Suomi-Ruotsi-maaottelu\",\"description\":\"Suomi-Ruotsi-maaottelu\",\"potentialAction\":[{\"@type\":\"SearchAction\",\"target\":{\"@type\":\"EntryPoint\",\"urlTemplate\":\"https:\\\/\\\/ruotsiottelu.fi\\\/sv\\\/?s={search_term_string}\"},\"query-input\":{\"@type\":\"PropertyValueSpecification\",\"valueRequired\":true,\"valueName\":\"search_term_string\"}}],\"inLanguage\":\"sv-SE\"}]}<\/script>\n<!-- \/ Yoast SEO plugin. -->","yoast_head_json":{"title":"Tidtabell | Suomi-Ruotsi-maaottelu","robots":{"index":"index","follow":"follow","max-snippet":"max-snippet:-1","max-image-preview":"max-image-preview:large","max-video-preview":"max-video-preview:-1"},"canonical":"https:\/\/ruotsiottelu.fi\/sv\/tidtabell\/","og_locale":"sv_SE","og_type":"article","og_title":"Tidtabell | Suomi-Ruotsi-maaottelu","og_url":"https:\/\/ruotsiottelu.fi\/sv\/tidtabell\/","og_site_name":"Suomi-Ruotsi-maaottelu","article_modified_time":"2026-02-28T20:54:48+00:00","twitter_card":"summary_large_image","twitter_misc":{"Ber\u00e4knad l\u00e4stid":"3 minuter"},"schema":{"@context":"https:\/\/schema.org","@graph":[{"@type":"WebPage","@id":"https:\/\/ruotsiottelu.fi\/sv\/tidtabell\/","url":"https:\/\/ruotsiottelu.fi\/sv\/tidtabell\/","name":"Tidtabell | Suomi-Ruotsi-maaottelu","isPartOf":{"@id":"https:\/\/ruotsiottelu.fi\/sv\/#website"},"datePublished":"2024-05-21T13:36:11+00:00","dateModified":"2026-02-28T20:54:48+00:00","breadcrumb":{"@id":"https:\/\/ruotsiottelu.fi\/sv\/tidtabell\/#breadcrumb"},"inLanguage":"sv-SE","potentialAction":[{"@type":"ReadAction","target":["https:\/\/ruotsiottelu.fi\/sv\/tidtabell\/"]}]},{"@type":"BreadcrumbList","@id":"https:\/\/ruotsiottelu.fi\/sv\/tidtabell\/#breadcrumb","itemListElement":[{"@type":"ListItem","position":1,"name":"Home","item":"https:\/\/ruotsiottelu.fi\/sv\/"},{"@type":"ListItem","position":2,"name":"Tidtabell"}]},{"@type":"WebSite","@id":"https:\/\/ruotsiottelu.fi\/sv\/#website","url":"https:\/\/ruotsiottelu.fi\/sv\/","name":"Suomi-Ruotsi-maaottelu","description":"Suomi-Ruotsi-maaottelu","potentialAction":[{"@type":"SearchAction","target":{"@type":"EntryPoint","urlTemplate":"https:\/\/ruotsiottelu.fi\/sv\/?s={search_term_string}"},"query-input":{"@type":"PropertyValueSpecification","valueRequired":true,"valueName":"search_term_string"}}],"inLanguage":"sv-SE"}]}},"_links":{"self":[{"href":"https:\/\/ruotsiottelu.fi\/sv\/wp-json\/wp\/v2\/pages\/2992","targetHints":{"allow":["GET"]}}],"collection":[{"href":"https:\/\/ruotsiottelu.fi\/sv\/wp-json\/wp\/v2\/pages"}],"about":[{"href":"https:\/\/ruotsiottelu.fi\/sv\/wp-json\/wp\/v2\/types\/page"}],"author":[{"embeddable":true,"href":"https:\/\/ruotsiottelu.fi\/sv\/wp-json\/wp\/v2\/users\/2"}],"replies":[{"embeddable":true,"href":"https:\/\/ruotsiottelu.fi\/sv\/wp-json\/wp\/v2\/comments?post=2992"}],"version-history":[{"count":0,"href":"https:\/\/ruotsiottelu.fi\/sv\/wp-json\/wp\/v2\/pages\/2992\/revisions"}],"wp:attachment":[{"href":"https:\/\/ruotsiottelu.fi\/sv\/wp-json\/wp\/v2\/media?parent=2992"}],"curies":[{"name":"wp","href":"https:\/\/api.w.org\/{rel}","templated":true}]}}