{"id":2731,"date":"2024-07-22T19:35:36","date_gmt":"2024-07-22T16:35:36","guid":{"rendered":"https:\/\/ruotsiottelu.fi\/?page_id=2731"},"modified":"2024-08-26T23:20:38","modified_gmt":"2024-08-26T20:20:38","slug":"for-besokare","status":"publish","type":"page","link":"https:\/\/ruotsiottelu.fi\/sv\/for-besokare\/","title":{"rendered":"F\u00f6r bes\u00f6kare"},"content":{"rendered":"","protected":true},"excerpt":{"rendered":"","protected":true},"author":3,"featured_media":0,"parent":0,"menu_order":0,"comment_status":"closed","ping_status":"closed","template":"page-blank.php","meta":{"footnotes":""},"class_list":["post-2731","page","type-page","status-publish","post-password-required","hentry"],"yoast_head":"<!-- This site is optimized with the Yoast SEO plugin v27.4 - https:\/\/yoast.com\/product\/yoast-seo-wordpress\/ -->\n<title>F\u00f6r bes\u00f6kare | Suomi-Ruotsi-maaottelu<\/title>\n<meta name=\"robots\" content=\"index, follow, max-snippet:-1, max-image-preview:large, max-video-preview:-1\" \/>\n<link rel=\"canonical\" href=\"https:\/\/ruotsiottelu.fi\/sv\/for-besokare\/\" \/>\n<meta property=\"og:locale\" content=\"sv_SE\" \/>\n<meta property=\"og:type\" content=\"article\" \/>\n<meta property=\"og:title\" content=\"F\u00f6r bes\u00f6kare | Suomi-Ruotsi-maaottelu\" \/>\n<meta property=\"og:description\" content=\"Det finns inget utdrag eftersom detta \u00e4r ett skyddat inl\u00e4gg.\" \/>\n<meta property=\"og:url\" content=\"https:\/\/ruotsiottelu.fi\/sv\/for-besokare\/\" \/>\n<meta property=\"og:site_name\" content=\"Suomi-Ruotsi-maaottelu\" \/>\n<meta property=\"article:modified_time\" content=\"2024-08-26T20:20:38+00:00\" \/>\n<meta name=\"twitter:card\" content=\"summary_large_image\" \/>\n<meta name=\"twitter:label1\" content=\"Ber\u00e4knad l\u00e4stid\" \/>\n\t<meta name=\"twitter:data1\" content=\"7 minuter\" \/>\n<script type=\"application\/ld+json\" class=\"yoast-schema-graph\">{\"@context\":\"https:\\\/\\\/schema.org\",\"@graph\":[{\"@type\":\"WebPage\",\"@id\":\"https:\\\/\\\/ruotsiottelu.fi\\\/sv\\\/for-besokare\\\/\",\"url\":\"https:\\\/\\\/ruotsiottelu.fi\\\/sv\\\/for-besokare\\\/\",\"name\":\"F\u00f6r bes\u00f6kare | Suomi-Ruotsi-maaottelu\",\"isPartOf\":{\"@id\":\"https:\\\/\\\/ruotsiottelu.fi\\\/sv\\\/#website\"},\"datePublished\":\"2024-07-22T16:35:36+00:00\",\"dateModified\":\"2024-08-26T20:20:38+00:00\",\"breadcrumb\":{\"@id\":\"https:\\\/\\\/ruotsiottelu.fi\\\/sv\\\/for-besokare\\\/#breadcrumb\"},\"inLanguage\":\"sv-SE\"},{\"@type\":\"WebSite\",\"@id\":\"https:\\\/\\\/ruotsiottelu.fi\\\/sv\\\/#website\",\"url\":\"https:\\\/\\\/ruotsiottelu.fi\\\/sv\\\/\",\"name\":\"Suomi-Ruotsi-maaottelu\",\"description\":\"Suomi-Ruotsi-maaottelu\",\"potentialAction\":[{\"@type\":\"SearchAction\",\"target\":{\"@type\":\"EntryPoint\",\"urlTemplate\":\"https:\\\/\\\/ruotsiottelu.fi\\\/sv\\\/?s={search_term_string}\"},\"query-input\":{\"@type\":\"PropertyValueSpecification\",\"valueRequired\":true,\"valueName\":\"search_term_string\"}}],\"inLanguage\":\"sv-SE\"}]}<\/script>\n<!-- \/ Yoast SEO plugin. -->","yoast_head_json":{"title":"F\u00f6r bes\u00f6kare | Suomi-Ruotsi-maaottelu","robots":{"index":"index","follow":"follow","max-snippet":"max-snippet:-1","max-image-preview":"max-image-preview:large","max-video-preview":"max-video-preview:-1"},"canonical":"https:\/\/ruotsiottelu.fi\/sv\/for-besokare\/","og_locale":"sv_SE","og_type":"article","og_title":"F\u00f6r bes\u00f6kare | Suomi-Ruotsi-maaottelu","og_description":"Det finns inget utdrag eftersom detta \u00e4r ett skyddat inl\u00e4gg.","og_url":"https:\/\/ruotsiottelu.fi\/sv\/for-besokare\/","og_site_name":"Suomi-Ruotsi-maaottelu","article_modified_time":"2024-08-26T20:20:38+00:00","twitter_card":"summary_large_image","twitter_misc":{"Ber\u00e4knad l\u00e4stid":"7 minuter"},"schema":{"@context":"https:\/\/schema.org","@graph":[{"@type":"WebPage","@id":"https:\/\/ruotsiottelu.fi\/sv\/for-besokare\/","url":"https:\/\/ruotsiottelu.fi\/sv\/for-besokare\/","name":"F\u00f6r bes\u00f6kare | Suomi-Ruotsi-maaottelu","isPartOf":{"@id":"https:\/\/ruotsiottelu.fi\/sv\/#website"},"datePublished":"2024-07-22T16:35:36+00:00","dateModified":"2024-08-26T20:20:38+00:00","breadcrumb":{"@id":"https:\/\/ruotsiottelu.fi\/sv\/for-besokare\/#breadcrumb"},"inLanguage":"sv-SE"},{"@type":"WebSite","@id":"https:\/\/ruotsiottelu.fi\/sv\/#website","url":"https:\/\/ruotsiottelu.fi\/sv\/","name":"Suomi-Ruotsi-maaottelu","description":"Suomi-Ruotsi-maaottelu","potentialAction":[{"@type":"SearchAction","target":{"@type":"EntryPoint","urlTemplate":"https:\/\/ruotsiottelu.fi\/sv\/?s={search_term_string}"},"query-input":{"@type":"PropertyValueSpecification","valueRequired":true,"valueName":"search_term_string"}}],"inLanguage":"sv-SE"}]}},"_links":{"self":[{"href":"https:\/\/ruotsiottelu.fi\/sv\/wp-json\/wp\/v2\/pages\/2731","targetHints":{"allow":["GET"]}}],"collection":[{"href":"https:\/\/ruotsiottelu.fi\/sv\/wp-json\/wp\/v2\/pages"}],"about":[{"href":"https:\/\/ruotsiottelu.fi\/sv\/wp-json\/wp\/v2\/types\/page"}],"author":[{"embeddable":true,"href":"https:\/\/ruotsiottelu.fi\/sv\/wp-json\/wp\/v2\/users\/3"}],"replies":[{"embeddable":true,"href":"https:\/\/ruotsiottelu.fi\/sv\/wp-json\/wp\/v2\/comments?post=2731"}],"version-history":[{"count":0,"href":"https:\/\/ruotsiottelu.fi\/sv\/wp-json\/wp\/v2\/pages\/2731\/revisions"}],"wp:attachment":[{"href":"https:\/\/ruotsiottelu.fi\/sv\/wp-json\/wp\/v2\/media?parent=2731"}],"curies":[{"name":"wp","href":"https:\/\/api.w.org\/{rel}","templated":true}]}}